{"id":1771,"date":"2022-02-15T19:13:26","date_gmt":"2022-02-16T00:13:26","guid":{"rendered":"http:\/\/eccq.ca\/?page_id=1771"},"modified":"2022-06-23T15:10:12","modified_gmt":"2022-06-23T15:10:12","slug":"faqs","status":"publish","type":"page","link":"https:\/\/eccq.ca\/en\/faqs\/","title":{"rendered":"FAQs"},"content":{"rendered":"\t\t<div data-elementor-type=\"wp-page\" data-elementor-id=\"1771\" class=\"elementor elementor-1771 elementor-134\" data-elementor-post-type=\"page\">\n\t\t\t\t\t\t<section class=\"elementor-section elementor-top-section elementor-element elementor-element-5cf07d81 elementor-section-full_width elementor-reverse-mobile elementor-section-height-default elementor-section-height-default\" data-id=\"5cf07d81\" data-element_type=\"section\">\n\t\t\t\t\t\t<div class=\"elementor-container elementor-column-gap-default\">\n\t\t\t\t\t<div class=\"elementor-column elementor-col-50 elementor-top-column elementor-element elementor-element-30dc1f07\" data-id=\"30dc1f07\" data-element_type=\"column\">\n\t\t\t<div class=\"elementor-widget-wrap elementor-element-populated\">\n\t\t\t\t\t\t<div class=\"elementor-element elementor-element-bfda02a elementor-widget elementor-widget-image\" data-id=\"bfda02a\" data-element_type=\"widget\" data-widget_type=\"image.default\">\n\t\t\t\t<div class=\"elementor-widget-container\">\n\t\t\t<style>\/*! elementor - v3.22.0 - 26-06-2024 *\/\n.elementor-widget-image{text-align:center}.elementor-widget-image a{display:inline-block}.elementor-widget-image a img[src$=\".svg\"]{width:48px}.elementor-widget-image img{vertical-align:middle;display:inline-block}<\/style>\t\t\t\t\t\t\t\t\t\t<img fetchpriority=\"high\" decoding=\"async\" width=\"1187\" height=\"680\" src=\"https:\/\/eccq.ca\/wp-content\/uploads\/2022\/02\/shutterstock_1810472044.png\" class=\"attachment-full size-full wp-image-314\" alt=\"\" srcset=\"https:\/\/eccq.ca\/wp-content\/uploads\/2022\/02\/shutterstock_1810472044.png 1187w, https:\/\/eccq.ca\/wp-content\/uploads\/2022\/02\/shutterstock_1810472044-300x172.png 300w, https:\/\/eccq.ca\/wp-content\/uploads\/2022\/02\/shutterstock_1810472044-1024x587.png 1024w, https:\/\/eccq.ca\/wp-content\/uploads\/2022\/02\/shutterstock_1810472044-768x440.png 768w\" sizes=\"(max-width: 1187px) 100vw, 1187px\" \/>\t\t\t\t\t\t\t\t\t\t\t\t\t<\/div>\n\t\t\t\t<\/div>\n\t\t\t\t\t<\/div>\n\t\t<\/div>\n\t\t\t\t<div class=\"elementor-column elementor-col-50 elementor-top-column elementor-element elementor-element-1215f0c7\" data-id=\"1215f0c7\" data-element_type=\"column\">\n\t\t\t<div class=\"elementor-widget-wrap elementor-element-populated\">\n\t\t\t\t\t\t<div class=\"elementor-element elementor-element-14dd3474 elementor-widget elementor-widget-heading\" data-id=\"14dd3474\" data-element_type=\"widget\" data-widget_type=\"heading.default\">\n\t\t\t\t<div class=\"elementor-widget-container\">\n\t\t\t<style>\/*! elementor - v3.22.0 - 26-06-2024 *\/\n.elementor-heading-title{padding:0;margin:0;line-height:1}.elementor-widget-heading .elementor-heading-title[class*=elementor-size-]>a{color:inherit;font-size:inherit;line-height:inherit}.elementor-widget-heading .elementor-heading-title.elementor-size-small{font-size:15px}.elementor-widget-heading .elementor-heading-title.elementor-size-medium{font-size:19px}.elementor-widget-heading .elementor-heading-title.elementor-size-large{font-size:29px}.elementor-widget-heading .elementor-heading-title.elementor-size-xl{font-size:39px}.elementor-widget-heading .elementor-heading-title.elementor-size-xxl{font-size:59px}<\/style><h1 class=\"elementor-heading-title elementor-size-default\">FREQUENTLY ASKED QUESTIONS<\/h1>\t\t<\/div>\n\t\t\t\t<\/div>\n\t\t\t\t<div class=\"elementor-element elementor-element-1f10507 elementor-widget elementor-widget-heading\" data-id=\"1f10507\" data-element_type=\"widget\" data-widget_type=\"heading.default\">\n\t\t\t\t<div class=\"elementor-widget-container\">\n\t\t\t<h2 class=\"elementor-heading-title elementor-size-default\">We are here for you!<\/h2>\t\t<\/div>\n\t\t\t\t<\/div>\n\t\t\t\t\t<\/div>\n\t\t<\/div>\n\t\t\t\t\t<\/div>\n\t\t<\/section>\n\t\t\t\t<section class=\"elementor-section elementor-top-section elementor-element elementor-element-df64ac6 elementor-section-full_width elementor-section-height-default elementor-section-height-default\" data-id=\"df64ac6\" data-element_type=\"section\">\n\t\t\t\t\t\t<div class=\"elementor-container elementor-column-gap-default\">\n\t\t\t\t\t<div class=\"elementor-column elementor-col-33 elementor-top-column elementor-element elementor-element-f81d82c elementor-hidden-tablet elementor-hidden-mobile\" data-id=\"f81d82c\" data-element_type=\"column\">\n\t\t\t<div class=\"elementor-widget-wrap\">\n\t\t\t\t\t\t\t<\/div>\n\t\t<\/div>\n\t\t\t\t<div class=\"elementor-column elementor-col-33 elementor-top-column elementor-element elementor-element-1c5bc3e\" data-id=\"1c5bc3e\" data-element_type=\"column\">\n\t\t\t<div class=\"elementor-widget-wrap elementor-element-populated\">\n\t\t\t\t\t\t<div class=\"elementor-element elementor-element-74a32565 elementor-widget elementor-widget-toggle\" data-id=\"74a32565\" data-element_type=\"widget\" data-widget_type=\"toggle.default\">\n\t\t\t\t<div class=\"elementor-widget-container\">\n\t\t\t<style>.elementor-toggle{text-align:start}.elementor-toggle .elementor-tab-title{font-weight:700;line-height:1;margin:0;padding:15px;border-bottom:1px solid #d5d8dc;cursor:pointer;outline:none}.elementor-toggle .elementor-tab-title .elementor-toggle-icon{display:inline-block;width:1em}.elementor-toggle .elementor-tab-title .elementor-toggle-icon svg{margin-inline-start:-5px;width:1em;height:1em}.elementor-toggle .elementor-tab-title .elementor-toggle-icon.elementor-toggle-icon-right{float:right;text-align:right}.elementor-toggle .elementor-tab-title .elementor-toggle-icon.elementor-toggle-icon-left{float:left;text-align:left}.elementor-toggle .elementor-tab-title .elementor-toggle-icon .elementor-toggle-icon-closed{display:block}.elementor-toggle .elementor-tab-title .elementor-toggle-icon .elementor-toggle-icon-opened{display:none}.elementor-toggle .elementor-tab-title.elementor-active{border-bottom:none}.elementor-toggle .elementor-tab-title.elementor-active .elementor-toggle-icon-closed{display:none}.elementor-toggle .elementor-tab-title.elementor-active .elementor-toggle-icon-opened{display:block}.elementor-toggle .elementor-tab-content{padding:15px;border-bottom:1px solid #d5d8dc;display:none}@media (max-width:767px){.elementor-toggle .elementor-tab-title{padding:12px}.elementor-toggle .elementor-tab-content{padding:12px 10px}}.e-con-inner>.elementor-widget-toggle,.e-con>.elementor-widget-toggle{width:var(--container-widget-width);--flex-grow:var(--container-widget-flex-grow)}<\/style>\t\t<div class=\"elementor-toggle\">\n\t\t\t\t\t\t\t<div class=\"elementor-toggle-item\">\n\t\t\t\t\t<div id=\"elementor-tab-title-1951\" class=\"elementor-tab-title\" data-tab=\"1\" role=\"button\" aria-controls=\"elementor-tab-content-1951\" aria-expanded=\"false\">\n\t\t\t\t\t\t\t\t\t\t\t\t<span class=\"elementor-toggle-icon elementor-toggle-icon-right\" aria-hidden=\"true\">\n\t\t\t\t\t\t\t\t\t\t\t\t\t\t\t<span class=\"elementor-toggle-icon-closed\"><i class=\"fas fa-chevron-down\"><\/i><\/span>\n\t\t\t\t\t\t\t\t<span class=\"elementor-toggle-icon-opened\"><i class=\"elementor-toggle-icon-opened fas fa-chevron-up\"><\/i><\/span>\n\t\t\t\t\t\t\t\t\t\t\t\t\t<\/span>\n\t\t\t\t\t\t\t\t\t\t\t\t<a class=\"elementor-toggle-title\" tabindex=\"0\">Is the file opening fee refundable?<\/a>\n\t\t\t\t\t<\/div>\n\n\t\t\t\t\t<div id=\"elementor-tab-content-1951\" class=\"elementor-tab-content elementor-clearfix\" data-tab=\"1\" role=\"region\" aria-labelledby=\"elementor-tab-title-1951\">No. The application fee includes the time it takes to evaluate your kennel. An explanatory report will be sent to you if your application is refused. This will allow you to adapt your kennel to the required criteria if you wish to be certified.<\/div>\n\t\t\t\t<\/div>\n\t\t\t\t\t\t\t<div class=\"elementor-toggle-item\">\n\t\t\t\t\t<div id=\"elementor-tab-title-1952\" class=\"elementor-tab-title\" data-tab=\"2\" role=\"button\" aria-controls=\"elementor-tab-content-1952\" aria-expanded=\"false\">\n\t\t\t\t\t\t\t\t\t\t\t\t<span class=\"elementor-toggle-icon elementor-toggle-icon-right\" aria-hidden=\"true\">\n\t\t\t\t\t\t\t\t\t\t\t\t\t\t\t<span class=\"elementor-toggle-icon-closed\"><i class=\"fas fa-chevron-down\"><\/i><\/span>\n\t\t\t\t\t\t\t\t<span class=\"elementor-toggle-icon-opened\"><i class=\"elementor-toggle-icon-opened fas fa-chevron-up\"><\/i><\/span>\n\t\t\t\t\t\t\t\t\t\t\t\t\t<\/span>\n\t\t\t\t\t\t\t\t\t\t\t\t<a class=\"elementor-toggle-title\" tabindex=\"0\">How long does it take to get an answer?<\/a>\n\t\t\t\t\t<\/div>\n\n\t\t\t\t\t<div id=\"elementor-tab-content-1952\" class=\"elementor-tab-content elementor-clearfix\" data-tab=\"2\" role=\"region\" aria-labelledby=\"elementor-tab-title-1952\">Response times vary with the size of each case. Usually, we try to provide an answer within 7 days for a kennel evaluation or for any other questions.<\/div>\n\t\t\t\t<\/div>\n\t\t\t\t\t\t\t<div class=\"elementor-toggle-item\">\n\t\t\t\t\t<div id=\"elementor-tab-title-1953\" class=\"elementor-tab-title\" data-tab=\"3\" role=\"button\" aria-controls=\"elementor-tab-content-1953\" aria-expanded=\"false\">\n\t\t\t\t\t\t\t\t\t\t\t\t<span class=\"elementor-toggle-icon elementor-toggle-icon-right\" aria-hidden=\"true\">\n\t\t\t\t\t\t\t\t\t\t\t\t\t\t\t<span class=\"elementor-toggle-icon-closed\"><i class=\"fas fa-chevron-down\"><\/i><\/span>\n\t\t\t\t\t\t\t\t<span class=\"elementor-toggle-icon-opened\"><i class=\"elementor-toggle-icon-opened fas fa-chevron-up\"><\/i><\/span>\n\t\t\t\t\t\t\t\t\t\t\t\t\t<\/span>\n\t\t\t\t\t\t\t\t\t\t\t\t<a class=\"elementor-toggle-title\" tabindex=\"0\">submit my application?<\/a>\n\t\t\t\t\t<\/div>\n\n\t\t\t\t\t<div id=\"elementor-tab-content-1953\" class=\"elementor-tab-content elementor-clearfix\" data-tab=\"3\" role=\"region\" aria-labelledby=\"elementor-tab-title-1953\">You can register by clicking on the REGISTRATION tab on our website.<\/div>\n\t\t\t\t<\/div>\n\t\t\t\t\t\t\t<div class=\"elementor-toggle-item\">\n\t\t\t\t\t<div id=\"elementor-tab-title-1954\" class=\"elementor-tab-title\" data-tab=\"4\" role=\"button\" aria-controls=\"elementor-tab-content-1954\" aria-expanded=\"false\">\n\t\t\t\t\t\t\t\t\t\t\t\t<span class=\"elementor-toggle-icon elementor-toggle-icon-right\" aria-hidden=\"true\">\n\t\t\t\t\t\t\t\t\t\t\t\t\t\t\t<span class=\"elementor-toggle-icon-closed\"><i class=\"fas fa-chevron-down\"><\/i><\/span>\n\t\t\t\t\t\t\t\t<span class=\"elementor-toggle-icon-opened\"><i class=\"elementor-toggle-icon-opened fas fa-chevron-up\"><\/i><\/span>\n\t\t\t\t\t\t\t\t\t\t\t\t\t<\/span>\n\t\t\t\t\t\t\t\t\t\t\t\t<a class=\"elementor-toggle-title\" tabindex=\"0\">How do i know which breeds are eligible for the directory?<\/a>\n\t\t\t\t\t<\/div>\n\n\t\t\t\t\t<div id=\"elementor-tab-content-1954\" class=\"elementor-tab-content elementor-clearfix\" data-tab=\"4\" role=\"region\" aria-labelledby=\"elementor-tab-title-1954\">You can check if the breed is eligible for registration in one of these kennel clubs.\n<p class=\"div-button-faq\"><a class=\"button-open-modal-faq\" href=\"https:\/\/www.ckc.ca\/fr\" target=\"_blank\" rel=\"noopener\">Club Canin Canadien<\/a>\n<a class=\"button-open-modal-faq\" href=\"https:\/\/www.akc.org\" target=\"_blank\" rel=\"noopener\">American Kennel Club<\/a><\/p><\/div>\n\t\t\t\t<\/div>\n\t\t\t\t\t\t\t<div class=\"elementor-toggle-item\">\n\t\t\t\t\t<div id=\"elementor-tab-title-1955\" class=\"elementor-tab-title\" data-tab=\"5\" role=\"button\" aria-controls=\"elementor-tab-content-1955\" aria-expanded=\"false\">\n\t\t\t\t\t\t\t\t\t\t\t\t<span class=\"elementor-toggle-icon elementor-toggle-icon-right\" aria-hidden=\"true\">\n\t\t\t\t\t\t\t\t\t\t\t\t\t\t\t<span class=\"elementor-toggle-icon-closed\"><i class=\"fas fa-chevron-down\"><\/i><\/span>\n\t\t\t\t\t\t\t\t<span class=\"elementor-toggle-icon-opened\"><i class=\"elementor-toggle-icon-opened fas fa-chevron-up\"><\/i><\/span>\n\t\t\t\t\t\t\t\t\t\t\t\t\t<\/span>\n\t\t\t\t\t\t\t\t\t\t\t\t<a class=\"elementor-toggle-title\" tabindex=\"0\">What information will be made public about my kennel?<\/a>\n\t\t\t\t\t<\/div>\n\n\t\t\t\t\t<div id=\"elementor-tab-content-1955\" class=\"elementor-tab-content elementor-clearfix\" data-tab=\"5\" role=\"region\" aria-labelledby=\"elementor-tab-title-1955\">Breeder information available on the ECCQ website.\n<h6>For the 3 certifications:<\/h6>\n<ul>\n \t<li>Breeder name<\/li>\n \t<li>Breed name<\/li>\n \t<li>Breeds (number of dogs that have been approved by the ECCQ)<\/li>\n \t<li>Phone (if applicable) and email (if applicable)<\/li>\n<\/ul>\n<h6>For Premium and Absolute certification:<\/h6>\n<ul>\n \t<li>Description of the socialization program<\/li>\n \t<li>Sample attachment of the breeder&#8217;s contract<\/li>\n \t<li>Link to the official website or Facebook page (if applicable)<\/li>\n<\/ul>\n<h6>For Absolute certification:<\/h6>\n<ul>\n \t<li>Description of the kennel premises (as per the evaluation form)<\/li>\n \t<li>Number of dogs at the kennel during the visit <\/li>\n<\/ul><\/div>\n\t\t\t\t<\/div>\n\t\t\t\t\t\t\t<div class=\"elementor-toggle-item\">\n\t\t\t\t\t<div id=\"elementor-tab-title-1956\" class=\"elementor-tab-title\" data-tab=\"6\" role=\"button\" aria-controls=\"elementor-tab-content-1956\" aria-expanded=\"false\">\n\t\t\t\t\t\t\t\t\t\t\t\t<span class=\"elementor-toggle-icon elementor-toggle-icon-right\" aria-hidden=\"true\">\n\t\t\t\t\t\t\t\t\t\t\t\t\t\t\t<span class=\"elementor-toggle-icon-closed\"><i class=\"fas fa-chevron-down\"><\/i><\/span>\n\t\t\t\t\t\t\t\t<span class=\"elementor-toggle-icon-opened\"><i class=\"elementor-toggle-icon-opened fas fa-chevron-up\"><\/i><\/span>\n\t\t\t\t\t\t\t\t\t\t\t\t\t<\/span>\n\t\t\t\t\t\t\t\t\t\t\t\t<a class=\"elementor-toggle-title\" tabindex=\"0\">Why am i not receiving any emails from the ECCQ?<\/a>\n\t\t\t\t\t<\/div>\n\n\t\t\t\t\t<div id=\"elementor-tab-content-1956\" class=\"elementor-tab-content elementor-clearfix\" data-tab=\"6\" role=\"region\" aria-labelledby=\"elementor-tab-title-1956\">Please check your spam or junk mail inbox for emails from the ECCQ. To ensure that you receive future emails, add the email address to your contacts or legitimate emails. \n\nMake sure your email address matches the one you gave ECCQ when you signed up for the newsletter or certification.<\/div>\n\t\t\t\t<\/div>\n\t\t\t\t\t\t\t<div class=\"elementor-toggle-item\">\n\t\t\t\t\t<div id=\"elementor-tab-title-1957\" class=\"elementor-tab-title\" data-tab=\"7\" role=\"button\" aria-controls=\"elementor-tab-content-1957\" aria-expanded=\"false\">\n\t\t\t\t\t\t\t\t\t\t\t\t<span class=\"elementor-toggle-icon elementor-toggle-icon-right\" aria-hidden=\"true\">\n\t\t\t\t\t\t\t\t\t\t\t\t\t\t\t<span class=\"elementor-toggle-icon-closed\"><i class=\"fas fa-chevron-down\"><\/i><\/span>\n\t\t\t\t\t\t\t\t<span class=\"elementor-toggle-icon-opened\"><i class=\"elementor-toggle-icon-opened fas fa-chevron-up\"><\/i><\/span>\n\t\t\t\t\t\t\t\t\t\t\t\t\t<\/span>\n\t\t\t\t\t\t\t\t\t\t\t\t<a class=\"elementor-toggle-title\" tabindex=\"0\">Which certifications do you issue?<\/a>\n\t\t\t\t\t<\/div>\n\n\t\t\t\t\t<div id=\"elementor-tab-content-1957\" class=\"elementor-tab-content elementor-clearfix\" data-tab=\"7\" role=\"region\" aria-labelledby=\"elementor-tab-title-1957\"><p>The certifications issued by the ECCQ are:<\/p><p class=\"div-button-faq\"><a class=\"button-open-modal-faq\" href=\"https:\/\/eccq.ca\/wp-content\/uploads\/2022\/06\/FAQ-essential-certification-1.png\">Essential Certification <\/a><br \/><a class=\"button-open-modal-faq\" href=\"https:\/\/eccq.ca\/wp-content\/uploads\/2022\/06\/FAQ-Premium-certification-1.png\">Premium Certification<\/a> <a class=\"button-open-modal-faq\" href=\"https:\/\/eccq.ca\/wp-content\/uploads\/2022\/06\/FAQ-Absolute-certification-1.png\">Absolute Certification <\/a><\/p><\/div>\n\t\t\t\t<\/div>\n\t\t\t\t\t\t\t<div class=\"elementor-toggle-item\">\n\t\t\t\t\t<div id=\"elementor-tab-title-1958\" class=\"elementor-tab-title\" data-tab=\"8\" role=\"button\" aria-controls=\"elementor-tab-content-1958\" aria-expanded=\"false\">\n\t\t\t\t\t\t\t\t\t\t\t\t<span class=\"elementor-toggle-icon elementor-toggle-icon-right\" aria-hidden=\"true\">\n\t\t\t\t\t\t\t\t\t\t\t\t\t\t\t<span class=\"elementor-toggle-icon-closed\"><i class=\"fas fa-chevron-down\"><\/i><\/span>\n\t\t\t\t\t\t\t\t<span class=\"elementor-toggle-icon-opened\"><i class=\"elementor-toggle-icon-opened fas fa-chevron-up\"><\/i><\/span>\n\t\t\t\t\t\t\t\t\t\t\t\t\t<\/span>\n\t\t\t\t\t\t\t\t\t\t\t\t<a class=\"elementor-toggle-title\" tabindex=\"0\">How to recognize a responsible breeder?<\/a>\n\t\t\t\t\t<\/div>\n\n\t\t\t\t\t<div id=\"elementor-tab-content-1958\" class=\"elementor-tab-content elementor-clearfix\" data-tab=\"8\" role=\"region\" aria-labelledby=\"elementor-tab-title-1958\"><p><a class=\"button-open-modal-faq\" href=\"https:\/\/eccq.ca\/wp-content\/uploads\/2022\/05\/FAQ-responsible-breeder.png\">Responsible breeder <\/a><\/p><\/div>\n\t\t\t\t<\/div>\n\t\t\t\t\t\t\t\t<\/div>\n\t\t\t\t<\/div>\n\t\t\t\t<\/div>\n\t\t\t\t\t<\/div>\n\t\t<\/div>\n\t\t\t\t<div class=\"elementor-column elementor-col-33 elementor-top-column elementor-element elementor-element-49e2d08 elementor-hidden-tablet elementor-hidden-mobile\" data-id=\"49e2d08\" data-element_type=\"column\">\n\t\t\t<div class=\"elementor-widget-wrap elementor-element-populated\">\n\t\t\t\t\t\t<div class=\"elementor-element elementor-element-fc13bef elementor-widget elementor-widget-image\" data-id=\"fc13bef\" data-element_type=\"widget\" data-widget_type=\"image.default\">\n\t\t\t\t<div class=\"elementor-widget-container\">\n\t\t\t\t\t\t\t\t\t\t\t\t\t<img decoding=\"async\" width=\"733\" height=\"680\" src=\"https:\/\/eccq.ca\/wp-content\/uploads\/2022\/02\/shutterstock_-1.png\" class=\"attachment-full size-full wp-image-324\" alt=\"\" srcset=\"https:\/\/eccq.ca\/wp-content\/uploads\/2022\/02\/shutterstock_-1.png 733w, https:\/\/eccq.ca\/wp-content\/uploads\/2022\/02\/shutterstock_-1-300x278.png 300w\" sizes=\"(max-width: 733px) 100vw, 733px\" \/>\t\t\t\t\t\t\t\t\t\t\t\t\t<\/div>\n\t\t\t\t<\/div>\n\t\t\t\t\t<\/div>\n\t\t<\/div>\n\t\t\t\t\t<\/div>\n\t\t<\/section>\n\t\t\t\t<\/div>\n\t\t","protected":false},"excerpt":{"rendered":"<p>FREQUENTLY ASKED QUESTIONS We are here for you! Is the file opening fee refundable? No. The application fee includes the time it takes to evaluate your kennel. An explanatory report will be sent to you if your application is refused. This will allow you to adapt your kennel to the required criteria if you wish [&hellip;]<\/p>\n","protected":false},"author":1,"featured_media":0,"parent":0,"menu_order":0,"comment_status":"closed","ping_status":"closed","template":"","meta":{"_acf_changed":false,"footnotes":""},"class_list":["post-1771","page","type-page","status-publish","hentry"],"acf":[],"yoast_head":"<!-- This site is optimized with the Yoast SEO plugin v22.9 - https:\/\/yoast.com\/wordpress\/plugins\/seo\/ -->\n<title>FAQs - ECCQ<\/title>\n<meta name=\"robots\" content=\"index, follow, max-snippet:-1, max-image-preview:large, max-video-preview:-1\" \/>\n<link rel=\"canonical\" href=\"https:\/\/eccq.ca\/en\/faqs\/\" \/>\n<meta property=\"og:locale\" content=\"en_US\" \/>\n<meta property=\"og:type\" content=\"article\" \/>\n<meta property=\"og:title\" content=\"FAQs - ECCQ\" \/>\n<meta property=\"og:description\" content=\"FREQUENTLY ASKED QUESTIONS We are here for you! Is the file opening fee refundable? No. The application fee includes the time it takes to evaluate your kennel. An explanatory report will be sent to you if your application is refused. This will allow you to adapt your kennel to the required criteria if you wish [&hellip;]\" \/>\n<meta property=\"og:url\" content=\"https:\/\/eccq.ca\/en\/faqs\/\" \/>\n<meta property=\"og:site_name\" content=\"ECCQ\" \/>\n<meta property=\"article:publisher\" content=\"https:\/\/www.facebook.com\/ECCQ21\" \/>\n<meta property=\"article:modified_time\" content=\"2022-06-23T15:10:12+00:00\" \/>\n<meta property=\"og:image\" content=\"http:\/\/eccq.ca\/wp-content\/uploads\/2022\/02\/shutterstock_1810472044.png\" \/>\n<meta name=\"twitter:card\" content=\"summary_large_image\" \/>\n<meta name=\"twitter:label1\" content=\"Est. reading time\" \/>\n\t<meta name=\"twitter:data1\" content=\"2 minutes\" \/>\n<script type=\"application\/ld+json\" class=\"yoast-schema-graph\">{\"@context\":\"https:\/\/schema.org\",\"@graph\":[{\"@type\":\"WebPage\",\"@id\":\"https:\/\/eccq.ca\/en\/faqs\/\",\"url\":\"https:\/\/eccq.ca\/en\/faqs\/\",\"name\":\"FAQs - ECCQ\",\"isPartOf\":{\"@id\":\"https:\/\/eccq.ca\/#website\"},\"primaryImageOfPage\":{\"@id\":\"https:\/\/eccq.ca\/en\/faqs\/#primaryimage\"},\"image\":{\"@id\":\"https:\/\/eccq.ca\/en\/faqs\/#primaryimage\"},\"thumbnailUrl\":\"http:\/\/eccq.ca\/wp-content\/uploads\/2022\/02\/shutterstock_1810472044.png\",\"datePublished\":\"2022-02-16T00:13:26+00:00\",\"dateModified\":\"2022-06-23T15:10:12+00:00\",\"breadcrumb\":{\"@id\":\"https:\/\/eccq.ca\/en\/faqs\/#breadcrumb\"},\"inLanguage\":\"en-US\",\"potentialAction\":[{\"@type\":\"ReadAction\",\"target\":[\"https:\/\/eccq.ca\/en\/faqs\/\"]}]},{\"@type\":\"ImageObject\",\"inLanguage\":\"en-US\",\"@id\":\"https:\/\/eccq.ca\/en\/faqs\/#primaryimage\",\"url\":\"http:\/\/eccq.ca\/wp-content\/uploads\/2022\/02\/shutterstock_1810472044.png\",\"contentUrl\":\"http:\/\/eccq.ca\/wp-content\/uploads\/2022\/02\/shutterstock_1810472044.png\"},{\"@type\":\"BreadcrumbList\",\"@id\":\"https:\/\/eccq.ca\/en\/faqs\/#breadcrumb\",\"itemListElement\":[{\"@type\":\"ListItem\",\"position\":1,\"name\":\"Accueil\",\"item\":\"https:\/\/eccq.ca\/en\/\"},{\"@type\":\"ListItem\",\"position\":2,\"name\":\"FAQs\"}]},{\"@type\":\"WebSite\",\"@id\":\"https:\/\/eccq.ca\/#website\",\"url\":\"https:\/\/eccq.ca\/\",\"name\":\"ECCQ\",\"description\":\"\u00c9leveurs Canins Certifi\u00e9s du Qu\u00e9bec\",\"publisher\":{\"@id\":\"https:\/\/eccq.ca\/#organization\"},\"potentialAction\":[{\"@type\":\"SearchAction\",\"target\":{\"@type\":\"EntryPoint\",\"urlTemplate\":\"https:\/\/eccq.ca\/?s={search_term_string}\"},\"query-input\":\"required name=search_term_string\"}],\"inLanguage\":\"en-US\"},{\"@type\":\"Organization\",\"@id\":\"https:\/\/eccq.ca\/#organization\",\"name\":\"ECCQ\",\"url\":\"https:\/\/eccq.ca\/\",\"logo\":{\"@type\":\"ImageObject\",\"inLanguage\":\"en-US\",\"@id\":\"https:\/\/eccq.ca\/#\/schema\/logo\/image\/\",\"url\":\"https:\/\/eccq.ca\/wp-content\/uploads\/2022\/02\/ECCQseul.png\",\"contentUrl\":\"https:\/\/eccq.ca\/wp-content\/uploads\/2022\/02\/ECCQseul.png\",\"width\":400,\"height\":433,\"caption\":\"ECCQ\"},\"image\":{\"@id\":\"https:\/\/eccq.ca\/#\/schema\/logo\/image\/\"},\"sameAs\":[\"https:\/\/www.facebook.com\/ECCQ21\"]}]}<\/script>\n<!-- \/ Yoast SEO plugin. -->","yoast_head_json":{"title":"FAQs - ECCQ","robots":{"index":"index","follow":"follow","max-snippet":"max-snippet:-1","max-image-preview":"max-image-preview:large","max-video-preview":"max-video-preview:-1"},"canonical":"https:\/\/eccq.ca\/en\/faqs\/","og_locale":"en_US","og_type":"article","og_title":"FAQs - ECCQ","og_description":"FREQUENTLY ASKED QUESTIONS We are here for you! Is the file opening fee refundable? No. The application fee includes the time it takes to evaluate your kennel. An explanatory report will be sent to you if your application is refused. This will allow you to adapt your kennel to the required criteria if you wish [&hellip;]","og_url":"https:\/\/eccq.ca\/en\/faqs\/","og_site_name":"ECCQ","article_publisher":"https:\/\/www.facebook.com\/ECCQ21","article_modified_time":"2022-06-23T15:10:12+00:00","og_image":[{"url":"http:\/\/eccq.ca\/wp-content\/uploads\/2022\/02\/shutterstock_1810472044.png"}],"twitter_card":"summary_large_image","twitter_misc":{"Est. reading time":"2 minutes"},"schema":{"@context":"https:\/\/schema.org","@graph":[{"@type":"WebPage","@id":"https:\/\/eccq.ca\/en\/faqs\/","url":"https:\/\/eccq.ca\/en\/faqs\/","name":"FAQs - ECCQ","isPartOf":{"@id":"https:\/\/eccq.ca\/#website"},"primaryImageOfPage":{"@id":"https:\/\/eccq.ca\/en\/faqs\/#primaryimage"},"image":{"@id":"https:\/\/eccq.ca\/en\/faqs\/#primaryimage"},"thumbnailUrl":"http:\/\/eccq.ca\/wp-content\/uploads\/2022\/02\/shutterstock_1810472044.png","datePublished":"2022-02-16T00:13:26+00:00","dateModified":"2022-06-23T15:10:12+00:00","breadcrumb":{"@id":"https:\/\/eccq.ca\/en\/faqs\/#breadcrumb"},"inLanguage":"en-US","potentialAction":[{"@type":"ReadAction","target":["https:\/\/eccq.ca\/en\/faqs\/"]}]},{"@type":"ImageObject","inLanguage":"en-US","@id":"https:\/\/eccq.ca\/en\/faqs\/#primaryimage","url":"http:\/\/eccq.ca\/wp-content\/uploads\/2022\/02\/shutterstock_1810472044.png","contentUrl":"http:\/\/eccq.ca\/wp-content\/uploads\/2022\/02\/shutterstock_1810472044.png"},{"@type":"BreadcrumbList","@id":"https:\/\/eccq.ca\/en\/faqs\/#breadcrumb","itemListElement":[{"@type":"ListItem","position":1,"name":"Accueil","item":"https:\/\/eccq.ca\/en\/"},{"@type":"ListItem","position":2,"name":"FAQs"}]},{"@type":"WebSite","@id":"https:\/\/eccq.ca\/#website","url":"https:\/\/eccq.ca\/","name":"ECCQ","description":"\u00c9leveurs Canins Certifi\u00e9s du Qu\u00e9bec","publisher":{"@id":"https:\/\/eccq.ca\/#organization"},"potentialAction":[{"@type":"SearchAction","target":{"@type":"EntryPoint","urlTemplate":"https:\/\/eccq.ca\/?s={search_term_string}"},"query-input":"required name=search_term_string"}],"inLanguage":"en-US"},{"@type":"Organization","@id":"https:\/\/eccq.ca\/#organization","name":"ECCQ","url":"https:\/\/eccq.ca\/","logo":{"@type":"ImageObject","inLanguage":"en-US","@id":"https:\/\/eccq.ca\/#\/schema\/logo\/image\/","url":"https:\/\/eccq.ca\/wp-content\/uploads\/2022\/02\/ECCQseul.png","contentUrl":"https:\/\/eccq.ca\/wp-content\/uploads\/2022\/02\/ECCQseul.png","width":400,"height":433,"caption":"ECCQ"},"image":{"@id":"https:\/\/eccq.ca\/#\/schema\/logo\/image\/"},"sameAs":["https:\/\/www.facebook.com\/ECCQ21"]}]}},"_links":{"self":[{"href":"https:\/\/eccq.ca\/en\/wp-json\/wp\/v2\/pages\/1771","targetHints":{"allow":["GET"]}}],"collection":[{"href":"https:\/\/eccq.ca\/en\/wp-json\/wp\/v2\/pages"}],"about":[{"href":"https:\/\/eccq.ca\/en\/wp-json\/wp\/v2\/types\/page"}],"author":[{"embeddable":true,"href":"https:\/\/eccq.ca\/en\/wp-json\/wp\/v2\/users\/1"}],"replies":[{"embeddable":true,"href":"https:\/\/eccq.ca\/en\/wp-json\/wp\/v2\/comments?post=1771"}],"version-history":[{"count":21,"href":"https:\/\/eccq.ca\/en\/wp-json\/wp\/v2\/pages\/1771\/revisions"}],"predecessor-version":[{"id":2674,"href":"https:\/\/eccq.ca\/en\/wp-json\/wp\/v2\/pages\/1771\/revisions\/2674"}],"wp:attachment":[{"href":"https:\/\/eccq.ca\/en\/wp-json\/wp\/v2\/media?parent=1771"}],"curies":[{"name":"wp","href":"https:\/\/api.w.org\/{rel}","templated":true}]}}